{"id":308,"date":"2020-10-02T13:27:20","date_gmt":"2020-10-02T13:27:20","guid":{"rendered":"https:\/\/qi2.qodeinteractive.com\/?page_id=308"},"modified":"2026-02-21T09:41:35","modified_gmt":"2026-02-21T08:41:35","slug":"0-nas","status":"publish","type":"page","link":"https:\/\/portfoliotrzy.mateuszdzida.pl\/?page_id=308","title":{"rendered":"O nas"},"content":{"rendered":"\t\t<div data-elementor-type=\"wp-page\" data-elementor-id=\"308\" class=\"elementor elementor-308\" data-elementor-post-type=\"page\">\n\t\t\t\t\t\t<section class=\"elementor-section elementor-top-section elementor-element elementor-element-7ff0ae4 elementor-section-full_width qodef-elementor-content-grid elementor-section-height-default elementor-section-height-default\" data-id=\"7ff0ae4\" data-element_type=\"section\" data-e-type=\"section\">\n\t\t\t\t\t\t<div class=\"elementor-container elementor-column-gap-no\">\n\t\t\t\t\t<div class=\"elementor-column elementor-col-100 elementor-top-column elementor-element elementor-element-754320e\" data-id=\"754320e\" data-element_type=\"column\" data-e-type=\"column\">\n\t\t\t<div class=\"elementor-widget-wrap elementor-element-populated\">\n\t\t\t\t\t\t<div class=\"elementor-element elementor-element-d1b02c4 elementor-widget elementor-widget-qi_addons_for_elementor_section_title\" data-id=\"d1b02c4\" data-element_type=\"widget\" data-e-type=\"widget\" data-widget_type=\"qi_addons_for_elementor_section_title.default\">\n\t\t\t\t<div class=\"elementor-widget-container\">\n\t\t\t\t\t<div class=\"qodef-shortcode qodef-m qodef-qi-section-title qodef-decoration--italic qodef-link--underline-draw qodef-subtitle-icon--left\">\n\t\t\t<h3 class=\"qodef-m-title\">\n\t\tNasi eksperci\t<\/h3>\n\t\t\t\t<p class=\"qodef-m-subtitle\">\n\t\tNasz zesp\u00f3\u0142 tworz\u0105 wykwalifikowani fizjoterapeuci z do\u015bwiadczeniem klinicznym i sportowym. Ka\u017cdy z nich specjalizuje si\u0119 w okre\u015blonym obszarze terapii, dzi\u0119ki czemu zapewniamy precyzyjn\u0105 diagnostyk\u0119 i skuteczne leczenie.\t\t\t<\/p>\n\t\t\t<\/div>\n\t\t\t\t<\/div>\n\t\t\t\t<\/div>\n\t\t\t\t<div class=\"elementor-element elementor-element-e89660d elementor-widget elementor-widget-qi_addons_for_elementor_testimonials_list\" data-id=\"e89660d\" data-element_type=\"widget\" data-e-type=\"widget\" data-widget_type=\"qi_addons_for_elementor_testimonials_list.default\">\n\t\t\t\t<div class=\"elementor-widget-container\">\n\t\t\t\t\t<div class=\"qodef-shortcode qodef-m qodef-qi-testimonials-list qodef-qi-grid qodef-layout--qi-columns qodef-col-num--3 qodef-item-layout--info-below qodef-responsive--custom qodef-col-num--1680--3 qodef-col-num--1440--3 qodef-col-num--1366--3 qodef-col-num--1024--2 qodef-col-num--768--2 qodef-col-num--680--1 qodef-col-num--480--1\">\n\t<div class=\"qodef-grid-inner\">\n\t\t<div class=\"qodef-e qodef-grid-item elementor-repeater-item-8b5fc35\">\n\t<div class=\"qodef-e-inner\">\n\t\t<div class=\"qodef-e-content\">\n\t\t\t\t<div class=\"qodef-e-quote\">\n\t\t<svg xmlns=\"http:\/\/www.w3.org\/2000\/svg\" xmlns:xlink=\"http:\/\/www.w3.org\/1999\/xlink\" x=\"0px\" y=\"0px\" width=\"17px\" height=\"15px\" viewBox=\"0 0 17 15\" xml:space=\"preserve\" style=\"stroke: transparent;\"><g>\t<path d=\"M5.605,0.934C6.222,1.556,6.53,2.329,6.53,3.253c0,0.481-0.073,0.994-0.217,1.536S5.976,5.964,5.729,6.687   L3.081,15H0.124L2.28,6.324c-0.698-0.2-1.253-0.571-1.663-1.114C0.206,4.668,0,4.017,0,3.253c0-0.964,0.309-1.747,0.925-2.35   C1.54,0.301,2.319,0,3.266,0C4.21,0,4.99,0.312,5.605,0.934z M16.076,0.934C16.692,1.556,17,2.329,17,3.253   c0,0.481-0.071,0.994-0.216,1.536S16.446,5.964,16.2,6.687L13.552,15h-2.957l2.155-8.676c-0.698-0.2-1.253-0.571-1.663-1.114   c-0.41-0.542-0.616-1.193-0.616-1.957c0-0.964,0.309-1.747,0.925-2.35C12.011,0.301,12.791,0,13.735,0S15.461,0.312,16.076,0.934z\"><\/path><\/g><\/svg>\t<\/div>\n\t\t\t\t\t\t\t\t<p itemprop=\"description\" class=\"qodef-e-text\">Specjalizuje si\u0119 w leczeniu b\u00f3lu kr\u0119gos\u0142upa, staw\u00f3w oraz uraz\u00f3w przeci\u0105\u017ceniowych. Pracuje z pacjentami po operacjach i kontuzjach, pomagaj\u0105c im bezpiecznie wr\u00f3ci\u0107 do pe\u0142nej sprawno\u015bci. Stawia na precyzyjn\u0105 diagnostyk\u0119 i terapi\u0119 opart\u0105 na ruchu.\n<\/p>\n\t\t\t\t<div class=\"qodef-e-media-image\">\n\t\t<img decoding=\"async\" width=\"150\" height=\"150\" src=\"https:\/\/portfoliotrzy.mateuszdzida.pl\/wp-content\/uploads\/2026\/02\/zdj2-150x150.jpg\" class=\"attachment-thumbnail size-thumbnail\" alt=\"\" srcset=\"https:\/\/portfoliotrzy.mateuszdzida.pl\/wp-content\/uploads\/2026\/02\/zdj2-150x150.jpg 150w, https:\/\/portfoliotrzy.mateuszdzida.pl\/wp-content\/uploads\/2026\/02\/zdj2-650x650.jpg 650w, https:\/\/portfoliotrzy.mateuszdzida.pl\/wp-content\/uploads\/2026\/02\/zdj2-1300x1300.jpg 1300w\" sizes=\"(max-width: 150px) 100vw, 150px\" \/>\t<\/div>\n\t\t\t\t<div class=\"qodef-e-author\">\n\t\t<h6 class=\"qodef-e-author-name\">Marcin Drewniak<\/h6>\n\t\t\t\t\t<span class=\"qodef-e-author-job\">Fizjoterapia ortopedyczna<\/span>\n\t\t\t<\/div>\n\t\t<\/div>\n\t<\/div>\n<\/div>\n<div class=\"qodef-e qodef-grid-item elementor-repeater-item-136e91d\">\n\t<div class=\"qodef-e-inner\">\n\t\t<div class=\"qodef-e-content\">\n\t\t\t\t<div class=\"qodef-e-quote\">\n\t\t<svg xmlns=\"http:\/\/www.w3.org\/2000\/svg\" xmlns:xlink=\"http:\/\/www.w3.org\/1999\/xlink\" x=\"0px\" y=\"0px\" width=\"17px\" height=\"15px\" viewBox=\"0 0 17 15\" xml:space=\"preserve\" style=\"stroke: transparent;\"><g>\t<path d=\"M5.605,0.934C6.222,1.556,6.53,2.329,6.53,3.253c0,0.481-0.073,0.994-0.217,1.536S5.976,5.964,5.729,6.687   L3.081,15H0.124L2.28,6.324c-0.698-0.2-1.253-0.571-1.663-1.114C0.206,4.668,0,4.017,0,3.253c0-0.964,0.309-1.747,0.925-2.35   C1.54,0.301,2.319,0,3.266,0C4.21,0,4.99,0.312,5.605,0.934z M16.076,0.934C16.692,1.556,17,2.329,17,3.253   c0,0.481-0.071,0.994-0.216,1.536S16.446,5.964,16.2,6.687L13.552,15h-2.957l2.155-8.676c-0.698-0.2-1.253-0.571-1.663-1.114   c-0.41-0.542-0.616-1.193-0.616-1.957c0-0.964,0.309-1.747,0.925-2.35C12.011,0.301,12.791,0,13.735,0S15.461,0.312,16.076,0.934z\"><\/path><\/g><\/svg>\t<\/div>\n\t\t\t\t\t\t\t\t<p itemprop=\"description\" class=\"qodef-e-text\">Wspiera osoby aktywne fizycznie oraz zawodowych sportowc\u00f3w. Pomaga w powrocie do trening\u00f3w po urazach i optymalizuje wzorce ruchowe, by zmniejszy\u0107 ryzyko kontuzji. \u0141\u0105czy terapi\u0119 manualn\u0105 z treningiem medycznym.<\/p>\n\t\t\t\t<div class=\"qodef-e-media-image\">\n\t\t<img decoding=\"async\" width=\"150\" height=\"150\" src=\"https:\/\/portfoliotrzy.mateuszdzida.pl\/wp-content\/uploads\/2026\/02\/zdj3-150x150.webp\" class=\"attachment-thumbnail size-thumbnail\" alt=\"\" srcset=\"https:\/\/portfoliotrzy.mateuszdzida.pl\/wp-content\/uploads\/2026\/02\/zdj3-150x150.webp 150w, https:\/\/portfoliotrzy.mateuszdzida.pl\/wp-content\/uploads\/2026\/02\/zdj3-650x650.webp 650w\" sizes=\"(max-width: 150px) 100vw, 150px\" \/>\t<\/div>\n\t\t\t\t<div class=\"qodef-e-author\">\n\t\t<h6 class=\"qodef-e-author-name\">El\u017cbieta Marciniak<\/h6>\n\t\t\t\t\t<span class=\"qodef-e-author-job\">Fizjoterapia sportowa<\/span>\n\t\t\t<\/div>\n\t\t<\/div>\n\t<\/div>\n<\/div>\n<div class=\"qodef-e qodef-grid-item elementor-repeater-item-973891b\">\n\t<div class=\"qodef-e-inner\">\n\t\t<div class=\"qodef-e-content\">\n\t\t\t\t<div class=\"qodef-e-quote\">\n\t\t<svg xmlns=\"http:\/\/www.w3.org\/2000\/svg\" xmlns:xlink=\"http:\/\/www.w3.org\/1999\/xlink\" x=\"0px\" y=\"0px\" width=\"17px\" height=\"15px\" viewBox=\"0 0 17 15\" xml:space=\"preserve\" style=\"stroke: transparent;\"><g>\t<path d=\"M5.605,0.934C6.222,1.556,6.53,2.329,6.53,3.253c0,0.481-0.073,0.994-0.217,1.536S5.976,5.964,5.729,6.687   L3.081,15H0.124L2.28,6.324c-0.698-0.2-1.253-0.571-1.663-1.114C0.206,4.668,0,4.017,0,3.253c0-0.964,0.309-1.747,0.925-2.35   C1.54,0.301,2.319,0,3.266,0C4.21,0,4.99,0.312,5.605,0.934z M16.076,0.934C16.692,1.556,17,2.329,17,3.253   c0,0.481-0.071,0.994-0.216,1.536S16.446,5.964,16.2,6.687L13.552,15h-2.957l2.155-8.676c-0.698-0.2-1.253-0.571-1.663-1.114   c-0.41-0.542-0.616-1.193-0.616-1.957c0-0.964,0.309-1.747,0.925-2.35C12.011,0.301,12.791,0,13.735,0S15.461,0.312,16.076,0.934z\"><\/path><\/g><\/svg>\t<\/div>\n\t\t\t\t\t\t\t\t<p itemprop=\"description\" class=\"qodef-e-text\">Koncentruje si\u0119 na przewlek\u0142ych dolegliwo\u015bciach b\u00f3lowych oraz korekcji wad postawy. Uczy pacjent\u00f3w \u015bwiadomej pracy z cia\u0142em i wdra\u017ca \u0107wiczenia, kt\u00f3re wspieraj\u0105 trwa\u0142\u0105 popraw\u0119 funkcjonowania w codziennym \u017cyciu.<\/p>\n\t\t\t\t<div class=\"qodef-e-media-image\">\n\t\t<img decoding=\"async\" width=\"150\" height=\"150\" src=\"https:\/\/portfoliotrzy.mateuszdzida.pl\/wp-content\/uploads\/2026\/02\/zdj1-150x150.webp\" class=\"attachment-thumbnail size-thumbnail\" alt=\"\" srcset=\"https:\/\/portfoliotrzy.mateuszdzida.pl\/wp-content\/uploads\/2026\/02\/zdj1-150x150.webp 150w, https:\/\/portfoliotrzy.mateuszdzida.pl\/wp-content\/uploads\/2026\/02\/zdj1-650x650.webp 650w\" sizes=\"(max-width: 150px) 100vw, 150px\" \/>\t<\/div>\n\t\t\t\t<div class=\"qodef-e-author\">\n\t\t<h6 class=\"qodef-e-author-name\">Ewelina Rola<\/h6>\n\t\t\t\t\t<span class=\"qodef-e-author-job\">Terapia przeciwb\u00f3lowa<\/span>\n\t\t\t<\/div>\n\t\t<\/div>\n\t<\/div>\n<\/div>\n\t<\/div>\n<\/div>\n\t\t\t\t<\/div>\n\t\t\t\t<\/div>\n\t\t\t\t\t<\/div>\n\t\t<\/div>\n\t\t\t\t\t<\/div>\n\t\t<\/section>\n\t\t\t\t<section class=\"elementor-section elementor-top-section elementor-element elementor-element-178ff71 elementor-section-full_width qodef-elementor-content-grid qodef-extended-grid qodef-extended-grid--left elementor-section-height-default elementor-section-height-default\" data-id=\"178ff71\" data-element_type=\"section\" data-e-type=\"section\">\n\t\t\t\t\t\t<div class=\"elementor-container elementor-column-gap-no\">\n\t\t\t\t\t<div class=\"elementor-column elementor-col-100 elementor-top-column elementor-element elementor-element-0034692\" data-id=\"0034692\" data-element_type=\"column\" data-e-type=\"column\">\n\t\t\t<div class=\"elementor-widget-wrap elementor-element-populated\">\n\t\t\t\t\t\t<div class=\"elementor-element elementor-element-2bfe6d7 elementor-widget elementor-widget-qi_addons_for_elementor_image_slider\" data-id=\"2bfe6d7\" data-element_type=\"widget\" data-e-type=\"widget\" data-widget_type=\"qi_addons_for_elementor_image_slider.default\">\n\t\t\t\t<div class=\"elementor-widget-container\">\n\t\t\t\t\t<div class=\"qodef-shortcode qodef-m qodef-qi-image-slider qodef-qi-fslightbox-popup qodef-popup-gallery qodef-col-num--2 qodef-qi-grid qodef-qi-swiper-container\" data-options=\"{&quot;direction&quot;:&quot;horizontal&quot;,&quot;slidesPerView&quot;:&quot;2&quot;,&quot;spaceBetween&quot;:20,&quot;spaceBetweenTablet&quot;:20,&quot;spaceBetweenMobile&quot;:20,&quot;effect&quot;:&quot;&quot;,&quot;loop&quot;:true,&quot;autoplay&quot;:true,&quot;centeredSlides&quot;:false,&quot;speed&quot;:&quot;&quot;,&quot;speedAnimation&quot;:&quot;&quot;,&quot;outsideNavigation&quot;:&quot;no&quot;,&quot;outsidePagination&quot;:&quot;no&quot;,&quot;unique&quot;:75,&quot;partialValue&quot;:0,&quot;disablePartialValue&quot;:&quot;&quot;,&quot;parallax&quot;:&quot;no&quot;}\">\n\t<div class=\"swiper-wrapper\">\n\t\t<div class=\"qodef-e swiper-slide\">\n\t<div class=\"qodef-e-inner\">\n\t\t<div class=\"qodef-e-inner-holder\">\n\t\t\t\t\t\t\t<a class=\"qodef-popup-item\" itemprop=\"image\" href=\"https:\/\/portfoliotrzy.mateuszdzida.pl\/wp-content\/uploads\/2026\/02\/337369241_2270650759782046_5701503219758933330_n.png\" data-type=\"image\" data-fslightbox=\"gallery-75\" data-e-disable-page-transition=\u201dtrue\u201d>\n\t\t\t\t\t\t\t<img loading=\"lazy\" decoding=\"async\" width=\"642\" height=\"428\" src=\"https:\/\/portfoliotrzy.mateuszdzida.pl\/wp-content\/uploads\/2026\/02\/337369241_2270650759782046_5701503219758933330_n.png\" class=\"attachment-full size-full\" alt=\"\" srcset=\"https:\/\/portfoliotrzy.mateuszdzida.pl\/wp-content\/uploads\/2026\/02\/337369241_2270650759782046_5701503219758933330_n.png 642w, https:\/\/portfoliotrzy.mateuszdzida.pl\/wp-content\/uploads\/2026\/02\/337369241_2270650759782046_5701503219758933330_n-300x200.png 300w\" sizes=\"(max-width: 642px) 100vw, 642px\" \/>\t\t\t\t\t\t\t<\/a>\n\t\t\t\t\t<\/div>\n\t<\/div>\n\t<\/div>\n<div class=\"qodef-e swiper-slide\">\n\t<div class=\"qodef-e-inner\">\n\t\t<div class=\"qodef-e-inner-holder\">\n\t\t\t\t\t\t\t<a class=\"qodef-popup-item\" itemprop=\"image\" href=\"https:\/\/portfoliotrzy.mateuszdzida.pl\/wp-content\/uploads\/2026\/02\/AdobeStock_244750183.jpg\" data-type=\"image\" data-fslightbox=\"gallery-75\" data-e-disable-page-transition=\u201dtrue\u201d>\n\t\t\t\t\t\t\t<img loading=\"lazy\" decoding=\"async\" width=\"1920\" height=\"1280\" src=\"https:\/\/portfoliotrzy.mateuszdzida.pl\/wp-content\/uploads\/2026\/02\/AdobeStock_244750183.jpg\" class=\"attachment-full size-full\" alt=\"\" srcset=\"https:\/\/portfoliotrzy.mateuszdzida.pl\/wp-content\/uploads\/2026\/02\/AdobeStock_244750183.jpg 1920w, https:\/\/portfoliotrzy.mateuszdzida.pl\/wp-content\/uploads\/2026\/02\/AdobeStock_244750183-300x200.jpg 300w, https:\/\/portfoliotrzy.mateuszdzida.pl\/wp-content\/uploads\/2026\/02\/AdobeStock_244750183-1024x683.jpg 1024w, https:\/\/portfoliotrzy.mateuszdzida.pl\/wp-content\/uploads\/2026\/02\/AdobeStock_244750183-768x512.jpg 768w, https:\/\/portfoliotrzy.mateuszdzida.pl\/wp-content\/uploads\/2026\/02\/AdobeStock_244750183-1536x1024.jpg 1536w\" sizes=\"(max-width: 1920px) 100vw, 1920px\" \/>\t\t\t\t\t\t\t<\/a>\n\t\t\t\t\t<\/div>\n\t<\/div>\n\t<\/div>\n<div class=\"qodef-e swiper-slide\">\n\t<div class=\"qodef-e-inner\">\n\t\t<div class=\"qodef-e-inner-holder\">\n\t\t\t\t\t\t\t<a class=\"qodef-popup-item\" itemprop=\"image\" href=\"https:\/\/portfoliotrzy.mateuszdzida.pl\/wp-content\/uploads\/2026\/02\/rehabilitacja-fizjoterapia.jpeg\" data-type=\"image\" data-fslightbox=\"gallery-75\" data-e-disable-page-transition=\u201dtrue\u201d>\n\t\t\t\t\t\t\t<img loading=\"lazy\" decoding=\"async\" width=\"870\" height=\"580\" src=\"https:\/\/portfoliotrzy.mateuszdzida.pl\/wp-content\/uploads\/2026\/02\/rehabilitacja-fizjoterapia.jpeg\" class=\"attachment-full size-full\" alt=\"\" srcset=\"https:\/\/portfoliotrzy.mateuszdzida.pl\/wp-content\/uploads\/2026\/02\/rehabilitacja-fizjoterapia.jpeg 870w, https:\/\/portfoliotrzy.mateuszdzida.pl\/wp-content\/uploads\/2026\/02\/rehabilitacja-fizjoterapia-300x200.jpeg 300w, https:\/\/portfoliotrzy.mateuszdzida.pl\/wp-content\/uploads\/2026\/02\/rehabilitacja-fizjoterapia-768x512.jpeg 768w\" sizes=\"(max-width: 870px) 100vw, 870px\" \/>\t\t\t\t\t\t\t<\/a>\n\t\t\t\t\t<\/div>\n\t<\/div>\n\t<\/div>\n\t<\/div>\n\t<\/div>\n\t\t\t\t<\/div>\n\t\t\t\t<\/div>\n\t\t\t\t\t<\/div>\n\t\t<\/div>\n\t\t\t\t\t<\/div>\n\t\t<\/section>\n\t\t\t\t<section class=\"elementor-section elementor-top-section elementor-element elementor-element-aae1047 elementor-section-full_width elementor-section-height-default elementor-section-height-default qodef-elementor-content-no\" data-id=\"aae1047\" data-element_type=\"section\" data-e-type=\"section\" data-settings=\"{&quot;background_background&quot;:&quot;classic&quot;}\">\n\t\t\t\t\t\t<div class=\"elementor-container elementor-column-gap-no\">\n\t\t\t\t\t<div class=\"elementor-column elementor-col-25 elementor-top-column elementor-element elementor-element-de3e943\" data-id=\"de3e943\" data-element_type=\"column\" data-e-type=\"column\">\n\t\t\t<div class=\"elementor-widget-wrap elementor-element-populated\">\n\t\t\t\t\t\t<div class=\"elementor-element elementor-element-cd783f3 elementor-widget elementor-widget-qi_addons_for_elementor_counter\" data-id=\"cd783f3\" data-element_type=\"widget\" data-e-type=\"widget\" data-widget_type=\"qi_addons_for_elementor_counter.default\">\n\t\t\t\t<div class=\"elementor-widget-container\">\n\t\t\t\t\t<div class=\"qodef-shortcode qodef-m qodef-qi-counter qodef-layout--simple qodef-digit-stroke-effect\" data-end-digit=\"12\">\n\t<div class=\"qodef-m-digit-wrapper\">\n\t\t<div class=\"qodef-m-digit\"><\/div>\n\t<\/div>\n\t\t<div class=\"qodef-m-content\">\n\t\t\t<h6 class=\"qodef-m-title\">\n\t\tLat\t<\/h6>\n\t\t\t<div class=\"qodef-m-text\">\n\t\tWieloletnia praktyka kliniczna i setki przeprowadzonych terapii pozwalaj\u0105 nam skutecznie diagnozowa\u0107 oraz prowadzi\u0107 pacjent\u00f3w do trwa\u0142ej poprawy sprawno\u015bci.\t<\/div>\n\t<\/div>\n<\/div>\n\t\t\t\t<\/div>\n\t\t\t\t<\/div>\n\t\t\t\t\t<\/div>\n\t\t<\/div>\n\t\t\t\t<div class=\"elementor-column elementor-col-25 elementor-top-column elementor-element elementor-element-397f2d2\" data-id=\"397f2d2\" data-element_type=\"column\" data-e-type=\"column\">\n\t\t\t<div class=\"elementor-widget-wrap elementor-element-populated\">\n\t\t\t\t\t\t<div class=\"elementor-element elementor-element-ebd1c10 elementor-widget elementor-widget-qi_addons_for_elementor_counter\" data-id=\"ebd1c10\" data-element_type=\"widget\" data-e-type=\"widget\" data-widget_type=\"qi_addons_for_elementor_counter.default\">\n\t\t\t\t<div class=\"elementor-widget-container\">\n\t\t\t\t\t<div class=\"qodef-shortcode qodef-m qodef-qi-counter qodef-layout--simple qodef-digit-stroke-effect\" data-start-digit=\"400\" data-end-digit=\"500\">\n\t<div class=\"qodef-m-digit-wrapper\">\n\t\t<div class=\"qodef-m-digit\"><\/div>\n\t<\/div>\n\t\t<div class=\"qodef-m-content\">\n\t\t\t<h6 class=\"qodef-m-title\">\n\t\tZadowolonych pacjent\u00f3w\t<\/h6>\n\t\t\t<div class=\"qodef-m-text\">\n\t\tZaufanie os\u00f3b, kt\u00f3re wracaj\u0105 do nas i polecaj\u0105 nas dalej, jest najlepszym potwierdzeniem jako\u015bci naszej pracy i skuteczno\u015bci terapii.\n\t<\/div>\n\t<\/div>\n<\/div>\n\t\t\t\t<\/div>\n\t\t\t\t<\/div>\n\t\t\t\t\t<\/div>\n\t\t<\/div>\n\t\t\t\t<div class=\"elementor-column elementor-col-25 elementor-top-column elementor-element elementor-element-f74b419\" data-id=\"f74b419\" data-element_type=\"column\" data-e-type=\"column\">\n\t\t\t<div class=\"elementor-widget-wrap elementor-element-populated\">\n\t\t\t\t\t\t<div class=\"elementor-element elementor-element-0d8fea0 elementor-widget elementor-widget-qi_addons_for_elementor_counter\" data-id=\"0d8fea0\" data-element_type=\"widget\" data-e-type=\"widget\" data-widget_type=\"qi_addons_for_elementor_counter.default\">\n\t\t\t\t<div class=\"elementor-widget-container\">\n\t\t\t\t\t<div class=\"qodef-shortcode qodef-m qodef-qi-counter qodef-layout--simple qodef-digit-stroke-effect\" data-end-digit=\"4\">\n\t<div class=\"qodef-m-digit-wrapper\">\n\t\t<div class=\"qodef-m-digit\"><\/div>\n\t<\/div>\n\t\t<div class=\"qodef-m-content\">\n\t\t\t<h6 class=\"qodef-m-title\">\n\t\tPlac\u00f3wki\t<\/h6>\n\t\t\t<div class=\"qodef-m-text\">\n\t\tNowoczesne, w pe\u0142ni wyposa\u017cone gabinety zapewniaj\u0105 komfort, bezpiecze\u0144stwo i odpowiednie warunki do skutecznej rehabilitacji.\t<\/div>\n\t<\/div>\n<\/div>\n\t\t\t\t<\/div>\n\t\t\t\t<\/div>\n\t\t\t\t\t<\/div>\n\t\t<\/div>\n\t\t\t\t<div class=\"elementor-column elementor-col-25 elementor-top-column elementor-element elementor-element-f2beb43\" data-id=\"f2beb43\" data-element_type=\"column\" data-e-type=\"column\">\n\t\t\t<div class=\"elementor-widget-wrap elementor-element-populated\">\n\t\t\t\t\t\t<div class=\"elementor-element elementor-element-30178a8 elementor-widget elementor-widget-qi_addons_for_elementor_counter\" data-id=\"30178a8\" data-element_type=\"widget\" data-e-type=\"widget\" data-widget_type=\"qi_addons_for_elementor_counter.default\">\n\t\t\t\t<div class=\"elementor-widget-container\">\n\t\t\t\t\t<div class=\"qodef-shortcode qodef-m qodef-qi-counter qodef-layout--simple qodef-digit-stroke-effect\" data-start-digit=\"950\" data-end-digit=\"1000\">\n\t<div class=\"qodef-m-digit-wrapper\">\n\t\t<div class=\"qodef-m-digit\"><\/div>\n\t<\/div>\n\t\t<div class=\"qodef-m-content\">\n\t\t\t<h6 class=\"qodef-m-title\">\n\t\tPrzeprowadzonych terapii\t<\/h6>\n\t\t\t<div class=\"qodef-m-text\">\n\t\tTysi\u0105ce zrealizowanych plan\u00f3w terapeutycznych, dopasowanych indywidualnie do potrzeb pacjent\u00f3w w r\u00f3\u017cnym wieku i z r\u00f3\u017cnymi problemami zdrowotnymi.\t<\/div>\n\t<\/div>\n<\/div>\n\t\t\t\t<\/div>\n\t\t\t\t<\/div>\n\t\t\t\t\t<\/div>\n\t\t<\/div>\n\t\t\t\t\t<\/div>\n\t\t<\/section>\n\t\t\t\t<section class=\"elementor-section elementor-top-section elementor-element elementor-element-f5517a8 elementor-section-full_width elementor-section-height-default elementor-section-height-default qodef-elementor-content-no\" data-id=\"f5517a8\" data-element_type=\"section\" data-e-type=\"section\" data-settings=\"{&quot;background_background&quot;:&quot;classic&quot;}\">\n\t\t\t\t\t\t<div class=\"elementor-container elementor-column-gap-no\">\n\t\t\t\t\t<div class=\"elementor-column elementor-col-100 elementor-top-column elementor-element elementor-element-a82b7eb\" data-id=\"a82b7eb\" data-element_type=\"column\" data-e-type=\"column\">\n\t\t\t<div class=\"elementor-widget-wrap elementor-element-populated\">\n\t\t\t\t\t\t<div class=\"elementor-element elementor-element-dd2b01e elementor-widget elementor-widget-qi_addons_for_elementor_section_title\" data-id=\"dd2b01e\" data-element_type=\"widget\" data-e-type=\"widget\" data-widget_type=\"qi_addons_for_elementor_section_title.default\">\n\t\t\t\t<div class=\"elementor-widget-container\">\n\t\t\t\t\t<div class=\"qodef-shortcode qodef-m qodef-qi-section-title qodef-decoration--italic qodef-link--underline-draw qodef-subtitle-icon--left\">\n\t\t\t\t\t\t<h1 class=\"qodef-m-title\">\n\t\tZbuduj zdrowe cia\u0142o z nami\t<\/h1>\n\t\t\t<\/div>\n\t\t\t\t<\/div>\n\t\t\t\t<\/div>\n\t\t\t\t<div class=\"elementor-element elementor-element-65c3429 elementor-widget__width-auto elementor-widget elementor-widget-qi_addons_for_elementor_button\" data-id=\"65c3429\" data-element_type=\"widget\" data-e-type=\"widget\" data-widget_type=\"qi_addons_for_elementor_button.default\">\n\t\t\t\t<div class=\"elementor-widget-container\">\n\t\t\t\t\t<a class=\"qodef-shortcode qodef-m qodef-qi-button qodef-html--link qodef-layout--filled qodef-type--standard qodef-icon--right qodef-hover--icon-move-horizontal-short\" href=\"#\" target=\"_self\">\n\t<span class=\"qodef-m-text\">Sprawd\u017a wi\u0119cej<\/span>\n\t\t<span class=\"qodef-m-icon\">\n\t\t<span class=\"qodef-m-icon-inner\">\n\t\t\t<svg xmlns=\"http:\/\/www.w3.org\/2000\/svg\" xmlns:xlink=\"http:\/\/www.w3.org\/1999\/xlink\" x=\"0px\" y=\"0px\" viewBox=\"0 0 6 8\" style=\"stroke:transparent\" xml:space=\"preserve\"><g>\t<polygon points=\"1.265,8 0,6.434 2.881,4 0,1.568 1.265,0 6,4  \"><\/polygon><\/g><\/svg>\t\t\t\t\t<\/span>\n\t<\/span>\n<\/a>\n\t\t\t\t<\/div>\n\t\t\t\t<\/div>\n\t\t\t\t\t<\/div>\n\t\t<\/div>\n\t\t\t\t\t<\/div>\n\t\t<\/section>\n\t\t\t\t<\/div>\n\t\t","protected":false},"excerpt":{"rendered":"<p>Nasi eksperci Nasz zesp\u00f3\u0142 tworz\u0105 wykwalifikowani fizjoterapeuci z do\u015bwiadczeniem klinicznym i sportowym. Ka\u017cdy z nich specjalizuje si\u0119 w okre\u015blonym obszarze terapii, dzi\u0119ki czemu zapewniamy precyzyjn\u0105 diagnostyk\u0119 i skuteczne leczenie. Specjalizuje si\u0119 w leczeniu b\u00f3lu kr\u0119gos\u0142upa, staw\u00f3w oraz uraz\u00f3w przeci\u0105\u017ceniowych. Pracuje z pacjentami po operacjach i kontuzjach, pomagaj\u0105c im bezpiecznie wr\u00f3ci\u0107 do pe\u0142nej sprawno\u015bci. Stawia na [&hellip;]<\/p>\n","protected":false},"author":1,"featured_media":0,"parent":0,"menu_order":0,"comment_status":"closed","ping_status":"closed","template":"qi-full-width.php","meta":{"content-type":"","footnotes":""},"class_list":["post-308","page","type-page","status-publish","hentry"],"_links":{"self":[{"href":"https:\/\/portfoliotrzy.mateuszdzida.pl\/index.php?rest_route=\/wp\/v2\/pages\/308","targetHints":{"allow":["GET"]}}],"collection":[{"href":"https:\/\/portfoliotrzy.mateuszdzida.pl\/index.php?rest_route=\/wp\/v2\/pages"}],"about":[{"href":"https:\/\/portfoliotrzy.mateuszdzida.pl\/index.php?rest_route=\/wp\/v2\/types\/page"}],"author":[{"embeddable":true,"href":"https:\/\/portfoliotrzy.mateuszdzida.pl\/index.php?rest_route=\/wp\/v2\/users\/1"}],"replies":[{"embeddable":true,"href":"https:\/\/portfoliotrzy.mateuszdzida.pl\/index.php?rest_route=%2Fwp%2Fv2%2Fcomments&post=308"}],"version-history":[{"count":4,"href":"https:\/\/portfoliotrzy.mateuszdzida.pl\/index.php?rest_route=\/wp\/v2\/pages\/308\/revisions"}],"predecessor-version":[{"id":1624,"href":"https:\/\/portfoliotrzy.mateuszdzida.pl\/index.php?rest_route=\/wp\/v2\/pages\/308\/revisions\/1624"}],"wp:attachment":[{"href":"https:\/\/portfoliotrzy.mateuszdzida.pl\/index.php?rest_route=%2Fwp%2Fv2%2Fmedia&parent=308"}],"curies":[{"name":"wp","href":"https:\/\/api.w.org\/{rel}","templated":true}]}}